{"id":1067,"date":"2024-12-10T20:10:51","date_gmt":"2024-12-10T20:10:51","guid":{"rendered":"https:\/\/marinelecoz.com\/?page_id=1067"},"modified":"2025-02-05T14:57:26","modified_gmt":"2025-02-05T14:57:26","slug":"me-contacter","status":"publish","type":"page","link":"https:\/\/marinelecoz.com\/?page_id=1067","title":{"rendered":"Me contacter"},"content":{"rendered":"\t\t<div data-elementor-type=\"wp-page\" data-elementor-id=\"1067\" class=\"elementor elementor-1067\">\n\t\t\t\t<div class=\"elementor-element elementor-element-6301203 e-flex e-con-boxed e-con e-parent\" data-id=\"6301203\" data-element_type=\"container\">\n\t\t\t\t\t<div class=\"e-con-inner\">\n\t\t\t\t<div class=\"elementor-element elementor-element-76e2317 elementor-hidden-desktop elementor-widget elementor-widget-image\" data-id=\"76e2317\" data-element_type=\"widget\" data-widget_type=\"image.default\">\n\t\t\t\t<div class=\"elementor-widget-container\">\n\t\t\t\t\t\t\t\t\t\t\t\t<figure class=\"wp-caption\">\n\t\t\t\t\t\t\t\t\t\t\t<a href=\"https:\/\/marinelecoz.com\/?page_id=1087\">\n\t\t\t\t\t\t\t<img fetchpriority=\"high\" decoding=\"async\" width=\"1024\" height=\"683\" src=\"https:\/\/marinelecoz.com\/wp-content\/uploads\/2025\/01\/IMG_9009-1-1024x683.jpg\" class=\"attachment-large size-large wp-image-1863\" alt=\"\" srcset=\"https:\/\/marinelecoz.com\/wp-content\/uploads\/2025\/01\/IMG_9009-1-1024x683.jpg 1024w, https:\/\/marinelecoz.com\/wp-content\/uploads\/2025\/01\/IMG_9009-1-300x200.jpg 300w, https:\/\/marinelecoz.com\/wp-content\/uploads\/2025\/01\/IMG_9009-1-768x512.jpg 768w, https:\/\/marinelecoz.com\/wp-content\/uploads\/2025\/01\/IMG_9009-1-1536x1024.jpg 1536w, https:\/\/marinelecoz.com\/wp-content\/uploads\/2025\/01\/IMG_9009-1-2048x1365.jpg 2048w\" sizes=\"(max-width: 1024px) 100vw, 1024px\" \/>\t\t\t\t\t\t\t\t<\/a>\n\t\t\t\t\t\t\t\t\t\t\t<figcaption class=\"widget-image-caption wp-caption-text\">Coaching travailler apr\u00e8s un cancer<\/figcaption>\n\t\t\t\t\t\t\t\t\t\t<\/figure>\n\t\t\t\t\t\t\t\t\t<\/div>\n\t\t\t\t<\/div>\n\t\t\t\t\t<\/div>\n\t\t\t\t<\/div>\n\t\t<div class=\"elementor-element elementor-element-687a89c3 e-con-full e-flex e-con e-parent\" data-id=\"687a89c3\" data-element_type=\"container\" data-settings=\"{&quot;background_background&quot;:&quot;classic&quot;}\">\n\t\t<div class=\"elementor-element elementor-element-5d406b18 e-con-full e-flex e-con e-child\" data-id=\"5d406b18\" data-element_type=\"container\">\n\t\t<div class=\"elementor-element elementor-element-acb4f3c e-con-full e-flex e-con e-child\" data-id=\"acb4f3c\" data-element_type=\"container\">\n\t\t\t\t<div class=\"elementor-element elementor-element-2efefc50 elementor-widget elementor-widget-heading\" data-id=\"2efefc50\" data-element_type=\"widget\" data-widget_type=\"heading.default\">\n\t\t\t\t<div class=\"elementor-widget-container\">\n\t\t\t\t\t<h1 class=\"elementor-heading-title elementor-size-default\">Me contacter<\/h1>\t\t\t\t<\/div>\n\t\t\t\t<\/div>\n\t\t\t\t<div class=\"elementor-element elementor-element-77bb5548 elementor-widget__width-initial elementor-invisible elementor-widget elementor-widget-text-editor\" data-id=\"77bb5548\" data-element_type=\"widget\" data-settings=\"{&quot;_animation&quot;:&quot;fadeInDown&quot;}\" data-widget_type=\"text-editor.default\">\n\t\t\t\t<div class=\"elementor-widget-container\">\n\t\t\t\t\t\t\t\t\t<p>Tu souhaites <strong>d\u00e9marrer un coaching<\/strong> ?<\/p><p>Tu as des <strong>questions<\/strong> ?<\/p><p>Tu peux m&rsquo;appeler, m&rsquo;envoyer un email ou <strong>me contacter via le formulaire de contact<\/strong> ci-dessous.\u00a0<\/p>\t\t\t\t\t\t\t\t<\/div>\n\t\t\t\t<\/div>\n\t\t\t\t<div class=\"elementor-element elementor-element-d359753 elementor-widget elementor-widget-button\" data-id=\"d359753\" data-element_type=\"widget\" data-widget_type=\"button.default\">\n\t\t\t\t<div class=\"elementor-widget-container\">\n\t\t\t\t\t\t\t\t\t<div class=\"elementor-button-wrapper\">\n\t\t\t\t\t<a class=\"elementor-button elementor-button-link elementor-size-sm\" href=\"http:\/\/marinelecoz@hotmail.com\">\n\t\t\t\t\t\t<span class=\"elementor-button-content-wrapper\">\n\t\t\t\t\t\t\t\t\t<span class=\"elementor-button-text\">marinelecoz@hotmail.com<\/span>\n\t\t\t\t\t<\/span>\n\t\t\t\t\t<\/a>\n\t\t\t\t<\/div>\n\t\t\t\t\t\t\t\t<\/div>\n\t\t\t\t<\/div>\n\t\t\t\t<\/div>\n\t\t\t\t<\/div>\n\t\t<div class=\"elementor-element elementor-element-2aca51fb e-con-full elementor-hidden-tablet elementor-hidden-mobile e-flex e-con e-child\" data-id=\"2aca51fb\" data-element_type=\"container\" data-settings=\"{&quot;background_background&quot;:&quot;classic&quot;}\">\n\t\t\t\t<\/div>\n\t\t\t\t<\/div>\n\t\t<div class=\"elementor-element elementor-element-f6815de e-flex e-con-boxed e-con e-parent\" data-id=\"f6815de\" data-element_type=\"container\" data-settings=\"{&quot;background_background&quot;:&quot;classic&quot;}\">\n\t\t\t\t\t<div class=\"e-con-inner\">\n\t\t\t\t<div class=\"elementor-element elementor-element-8fbc43e elementor-widget elementor-widget-formidable\" data-id=\"8fbc43e\" data-element_type=\"widget\" data-widget_type=\"formidable.default\">\n\t\t\t\t<div class=\"elementor-widget-container\">\n\t\t\t\t\t<div class=\"frm_forms  with_frm_style frm_style_formidable-style\" id=\"frm_form_2_container\" data-token=\"43265e9c618f1268ca2a45199357b10f\">\n<form enctype=\"multipart\/form-data\" method=\"post\" class=\"frm-show-form \" id=\"form_formulaire-de-contact\" data-token=\"43265e9c618f1268ca2a45199357b10f\">\n<div class=\"frm_form_fields \">\n<fieldset>\n<legend class=\"frm_screen_reader\">Formulaire de contact<\/legend>\r\n\r\n<div class=\"frm_fields_container\">\n<input type=\"hidden\" name=\"frm_action\" value=\"create\" \/>\n<input type=\"hidden\" name=\"form_id\" value=\"2\" \/>\n<input type=\"hidden\" name=\"frm_hide_fields_2\" id=\"frm_hide_fields_2\" value=\"\" \/>\n<input type=\"hidden\" name=\"form_key\" value=\"formulaire-de-contact\" \/>\n<input type=\"hidden\" name=\"item_meta[0]\" value=\"\" \/>\n<input type=\"hidden\" id=\"frm_submit_entry_2\" name=\"frm_submit_entry_2\" value=\"8e7bd1eeb4\" \/><input type=\"hidden\" name=\"_wp_http_referer\" value=\"\/index.php?rest_route=%2Fwp%2Fv2%2Fpages%2F1067\" \/><div id=\"frm_field_7_container\" class=\"frm_form_field form-field  frm_required_field frm_none_container frm_half\">\r\n\t<label for=\"field_z3yyk\" id=\"field_z3yyk_label\" class=\"frm_primary_label\">Pr\u00e9nom\r\n\t\t<span class=\"frm_required\" aria-hidden=\"true\">*<\/span>\r\n\t<\/label>\r\n\t<input type=\"text\" id=\"field_z3yyk\" name=\"item_meta[7]\" value=\"\"  placeholder=\"Pr\u00e9nom\" data-reqmsg=\"Pr\u00e9nom ne peut pas \u00eatre vide.\" aria-required=\"true\" data-invmsg=\"Pr\u00e9nom est non valide\" aria-invalid=\"false\"  \/>\r\n\t\r\n\t\r\n<\/div>\n<div id=\"frm_field_8_container\" class=\"frm_form_field form-field  frm_required_field frm_none_container frm_half\">\r\n\t<label for=\"field_6tktv\" id=\"field_6tktv_label\" class=\"frm_primary_label\">Nom\r\n\t\t<span class=\"frm_required\" aria-hidden=\"true\">*<\/span>\r\n\t<\/label>\r\n\t<input type=\"text\" id=\"field_6tktv\" name=\"item_meta[8]\" value=\"\"  placeholder=\"Nom\" data-reqmsg=\"Nom ne peut pas \u00eatre vide.\" aria-required=\"true\" data-invmsg=\"Nom est non valide\" aria-invalid=\"false\"  \/>\r\n\t\r\n\t\r\n<\/div>\n<div id=\"frm_field_11_container\" class=\"frm_form_field form-field  frm_top_container frm_first frm_half vertical_radio\">\r\n\t<div  id=\"field_5y55l_label\" class=\"frm_primary_label\">Souhaites tu que je t'appelle ? \r\n\t\t<span class=\"frm_required\" aria-hidden=\"true\"><\/span>\r\n\t<\/div>\r\n\t<div class=\"frm_opt_container\" aria-labelledby=\"field_5y55l_label\" role=\"group\">\t\t<div class=\"frm_checkbox\" id=\"frm_checkbox_11-0\">\t\t\t<label  for=\"field_5y55l-0\">\n\t\t\t<input type=\"checkbox\" name=\"item_meta[11][]\" id=\"field_5y55l-0\" value=\"Oui (n&#039;oublie pas de renseigner ton num\u00e9ro de t\u00e9l\u00e9phone)\"  data-invmsg=\"Souhaites tu que je t&#039;appelle ?  est non valide\" aria-invalid=\"false\"   \/> Oui (n'oublie pas de renseigner ton num\u00e9ro de t\u00e9l\u00e9phone)<\/label><\/div>\n\t\t<div class=\"frm_checkbox\" id=\"frm_checkbox_11-1\">\t\t\t<label  for=\"field_5y55l-1\">\n\t\t\t<input type=\"checkbox\" name=\"item_meta[11][]\" id=\"field_5y55l-1\" value=\"Non\"  data-invmsg=\"Souhaites tu que je t&#039;appelle ?  est non valide\" aria-invalid=\"false\"   \/> Non<\/label><\/div>\n<\/div>\r\n\t\r\n\t\r\n<\/div>\n<div id=\"frm_field_9_container\" class=\"frm_form_field form-field  frm_required_field frm_none_container frm_half\">\r\n\t<label for=\"field_rydhq\" id=\"field_rydhq_label\" class=\"frm_primary_label\">Email\r\n\t\t<span class=\"frm_required\" aria-hidden=\"true\">*<\/span>\r\n\t<\/label>\r\n\t<input type=\"email\" id=\"field_rydhq\" name=\"item_meta[9]\" value=\"\"  placeholder=\"Adresse e-mail\" data-reqmsg=\"Email ne peut pas \u00eatre vide.\" aria-required=\"true\" data-invmsg=\"Email est non valide\" aria-invalid=\"false\"  \/>\r\n\t\r\n\t\r\n<\/div>\n<div id=\"frm_field_12_container\" class=\"frm_form_field form-field  frm_none_container frm3\">\r\n\t<label for=\"field_8qbqi\" id=\"field_8qbqi_label\" class=\"frm_primary_label\">T\u00e9l\u00e9phone\r\n\t\t<span class=\"frm_required\" aria-hidden=\"true\"><\/span>\r\n\t<\/label>\r\n\t<input type=\"tel\" id=\"field_8qbqi\" name=\"item_meta[12]\" value=\"\"  placeholder=\"Num\u00e9ro de t\u00e9l\u00e9phone\" data-invmsg=\"T\u00e9l\u00e9phone est non valide\" aria-invalid=\"false\" pattern=\"((\\+\\d{1,3}(-|.| )?\\(?\\d\\)?(-| |.)?\\d{1,5})|(\\(?\\d{2,6}\\)?))(-|.| )?(\\d{3,4})(-|.| )?(\\d{4})(( x| ext)\\d{1,5}){0,1}$\"  \/>\r\n\t\r\n\t\r\n<\/div>\n<div id=\"frm_field_10_container\" class=\"frm_form_field form-field  frm_required_field frm_top_container frm_half\">\r\n\t<label for=\"field_rxhwf\" id=\"field_rxhwf_label\" class=\"frm_primary_label\">Laisse ici ton message \r\n\t\t<span class=\"frm_required\" aria-hidden=\"true\">*<\/span>\r\n\t<\/label>\r\n\t<textarea name=\"item_meta[10]\" id=\"field_rxhwf\" rows=\"10\"  placeholder=\"Tu peux taper ton message ici\" data-reqmsg=\"Laisse ici ton message  ne peut pas \u00eatre vide.\" aria-required=\"true\" data-invmsg=\"Laisse ici ton message  est non valide\" aria-invalid=\"false\"  ><\/textarea>\r\n\t\r\n\t\r\n<\/div>\n<div id=\"frm_field_6_container\" class=\"frm_form_field form-field \">\r\n\t<div class=\"frm_submit frm_flex\">\r\n<button class=\"frm_button_submit\" type=\"submit\"  >Envoyer<\/button>\r\n\r\n\r\n\r\n<\/div>\r\n<\/div>\n\t<input type=\"hidden\" name=\"item_key\" value=\"\" \/>\n\t\t\t\t<div class=\"frm__67460e97111c3\">\n\t\t\t\t<label for=\"frm_email_2\" >\n\t\t\t\t\tSi vous \u00eates un humain, ne remplissez pas ce champ.\t\t\t\t<\/label>\n\t\t\t\t<input  id=\"frm_email_2\" type=\"text\" class=\"frm_verify\" name=\"frm__67460e97111c3\" value=\"\" autocomplete=\"off\"  \/>\n\t\t\t<\/div>\n\t\t<\/div>\n<\/fieldset>\n<\/div>\n\n<\/form>\n<\/div>\n\t\t\t\t<\/div>\n\t\t\t\t<\/div>\n\t\t\t\t\t<\/div>\n\t\t\t\t<\/div>\n\t\t<div class=\"elementor-element elementor-element-505f60b e-flex e-con-boxed e-con e-parent\" data-id=\"505f60b\" data-element_type=\"container\">\n\t\t\t\t\t<div class=\"e-con-inner\">\n\t\t\t\t<div class=\"elementor-element elementor-element-b4a5025 elementor-widget elementor-widget-spacer\" data-id=\"b4a5025\" data-element_type=\"widget\" data-widget_type=\"spacer.default\">\n\t\t\t\t<div class=\"elementor-widget-container\">\n\t\t\t\t\t\t\t<div class=\"elementor-spacer\">\n\t\t\t<div class=\"elementor-spacer-inner\"><\/div>\n\t\t<\/div>\n\t\t\t\t\t\t<\/div>\n\t\t\t\t<\/div>\n\t\t\t\t\t<\/div>\n\t\t\t\t<\/div>\n\t\t\t\t<\/div>\n\t\t","protected":false},"excerpt":{"rendered":"<p>Coaching travailler apr\u00e8s un cancer Me contacter Tu souhaites d\u00e9marrer un coaching ? Tu as des questions ? Tu peux [&hellip;]<\/p>\n","protected":false},"author":1,"featured_media":1072,"parent":0,"menu_order":0,"comment_status":"closed","ping_status":"closed","template":"elementor_header_footer","meta":{"site-sidebar-layout":"default","site-content-layout":"","ast-site-content-layout":"","site-content-style":"default","site-sidebar-style":"default","ast-global-header-display":"","ast-banner-title-visibility":"","ast-main-header-display":"","ast-hfb-above-header-display":"","ast-hfb-below-header-display":"","ast-hfb-mobile-header-display":"","site-post-title":"","ast-breadcrumbs-content":"","ast-featured-img":"","footer-sml-layout":"","theme-transparent-header-meta":"","adv-header-id-meta":"","stick-header-meta":"","header-above-stick-meta":"","header-main-stick-meta":"","header-below-stick-meta":"","astra-migrate-meta-layouts":"default","ast-page-background-enabled":"default","ast-page-background-meta":{"desktop":{"background-color":"var(--ast-global-color-4)","background-image":"","background-repeat":"repeat","background-position":"center center","background-size":"auto","background-attachment":"scroll","background-type":"","background-media":"","overlay-type":"","overlay-color":"","overlay-opacity":"","overlay-gradient":""},"tablet":{"background-color":"","background-image":"","background-repeat":"repeat","background-position":"center center","background-size":"auto","background-attachment":"scroll","background-type":"","background-media":"","overlay-type":"","overlay-color":"","overlay-opacity":"","overlay-gradient":""},"mobile":{"background-color":"","background-image":"","background-repeat":"repeat","background-position":"center center","background-size":"auto","background-attachment":"scroll","background-type":"","background-media":"","overlay-type":"","overlay-color":"","overlay-opacity":"","overlay-gradient":""}},"ast-content-background-meta":{"desktop":{"background-color":"var(--ast-global-color-5)","background-image":"","background-repeat":"repeat","background-position":"center center","background-size":"auto","background-attachment":"scroll","background-type":"","background-media":"","overlay-type":"","overlay-color":"","overlay-opacity":"","overlay-gradient":""},"tablet":{"background-color":"var(--ast-global-color-5)","background-image":"","background-repeat":"repeat","background-position":"center center","background-size":"auto","background-attachment":"scroll","background-type":"","background-media":"","overlay-type":"","overlay-color":"","overlay-opacity":"","overlay-gradient":""},"mobile":{"background-color":"var(--ast-global-color-5)","background-image":"","background-repeat":"repeat","background-position":"center center","background-size":"auto","background-attachment":"scroll","background-type":"","background-media":"","overlay-type":"","overlay-color":"","overlay-opacity":"","overlay-gradient":""}},"footnotes":""},"class_list":["post-1067","page","type-page","status-publish","has-post-thumbnail","hentry"],"yoast_head":"<!-- This site is optimized with the Yoast SEO plugin v24.1 - https:\/\/yoast.com\/wordpress\/plugins\/seo\/ -->\n<title>Me contacter -<\/title>\n<meta name=\"description\" content=\"A la recherche d&#039;un coaching pro ou DU coaching pro adapt\u00e9 apr\u00e8s un arr\u00eat maladie suite \u00e0 un cancer ? Du p\u00e9pin \u00e0 la p\u00e9pite, c&#039;est par ici !\" \/>\n<meta name=\"robots\" content=\"index, follow, max-snippet:-1, max-image-preview:large, max-video-preview:-1\" \/>\n<link rel=\"canonical\" href=\"https:\/\/marinelecoz.com\/?page_id=1067\" \/>\n<meta property=\"og:locale\" content=\"fr_FR\" \/>\n<meta property=\"og:type\" content=\"article\" \/>\n<meta property=\"og:title\" content=\"Me contacter -\" \/>\n<meta property=\"og:description\" content=\"A la recherche d&#039;un coaching pro ou DU coaching pro adapt\u00e9 apr\u00e8s un arr\u00eat maladie suite \u00e0 un cancer ? Du p\u00e9pin \u00e0 la p\u00e9pite, c&#039;est par ici !\" \/>\n<meta property=\"og:url\" content=\"https:\/\/marinelecoz.com\/?page_id=1067\" \/>\n<meta property=\"article:modified_time\" content=\"2025-02-05T14:57:26+00:00\" \/>\n<meta property=\"og:image\" content=\"https:\/\/marinelecoz.com\/wp-content\/uploads\/2024\/12\/Contact.jpg\" \/>\n\t<meta property=\"og:image:width\" content=\"400\" \/>\n\t<meta property=\"og:image:height\" content=\"380\" \/>\n\t<meta property=\"og:image:type\" content=\"image\/jpeg\" \/>\n<meta name=\"twitter:card\" content=\"summary_large_image\" \/>\n<meta name=\"twitter:label1\" content=\"Dur\u00e9e de lecture estim\u00e9e\" \/>\n\t<meta name=\"twitter:data1\" content=\"1 minute\" \/>\n<script type=\"application\/ld+json\" class=\"yoast-schema-graph\">{\"@context\":\"https:\/\/schema.org\",\"@graph\":[{\"@type\":\"WebPage\",\"@id\":\"https:\/\/marinelecoz.com\/?page_id=1067\",\"url\":\"https:\/\/marinelecoz.com\/?page_id=1067\",\"name\":\"Me contacter -\",\"isPartOf\":{\"@id\":\"https:\/\/marinelecoz.com\/#website\"},\"primaryImageOfPage\":{\"@id\":\"https:\/\/marinelecoz.com\/?page_id=1067#primaryimage\"},\"image\":{\"@id\":\"https:\/\/marinelecoz.com\/?page_id=1067#primaryimage\"},\"thumbnailUrl\":\"https:\/\/marinelecoz.com\/wp-content\/uploads\/2024\/12\/Contact.jpg\",\"datePublished\":\"2024-12-10T20:10:51+00:00\",\"dateModified\":\"2025-02-05T14:57:26+00:00\",\"description\":\"A la recherche d'un coaching pro ou DU coaching pro adapt\u00e9 apr\u00e8s un arr\u00eat maladie suite \u00e0 un cancer ? Du p\u00e9pin \u00e0 la p\u00e9pite, c'est par ici !\",\"breadcrumb\":{\"@id\":\"https:\/\/marinelecoz.com\/?page_id=1067#breadcrumb\"},\"inLanguage\":\"fr-FR\",\"potentialAction\":[{\"@type\":\"ReadAction\",\"target\":[\"https:\/\/marinelecoz.com\/?page_id=1067\"]}]},{\"@type\":\"ImageObject\",\"inLanguage\":\"fr-FR\",\"@id\":\"https:\/\/marinelecoz.com\/?page_id=1067#primaryimage\",\"url\":\"https:\/\/marinelecoz.com\/wp-content\/uploads\/2024\/12\/Contact.jpg\",\"contentUrl\":\"https:\/\/marinelecoz.com\/wp-content\/uploads\/2024\/12\/Contact.jpg\",\"width\":400,\"height\":380},{\"@type\":\"BreadcrumbList\",\"@id\":\"https:\/\/marinelecoz.com\/?page_id=1067#breadcrumb\",\"itemListElement\":[{\"@type\":\"ListItem\",\"position\":1,\"name\":\"Home\",\"item\":\"https:\/\/marinelecoz.com\/\"},{\"@type\":\"ListItem\",\"position\":2,\"name\":\"Me contacter\"}]},{\"@type\":\"WebSite\",\"@id\":\"https:\/\/marinelecoz.com\/#website\",\"url\":\"https:\/\/marinelecoz.com\/\",\"name\":\"Marine Le Coz\",\"description\":\"Marine Le Coz\",\"publisher\":{\"@id\":\"https:\/\/marinelecoz.com\/#organization\"},\"potentialAction\":[{\"@type\":\"SearchAction\",\"target\":{\"@type\":\"EntryPoint\",\"urlTemplate\":\"https:\/\/marinelecoz.com\/?s={search_term_string}\"},\"query-input\":{\"@type\":\"PropertyValueSpecification\",\"valueRequired\":true,\"valueName\":\"search_term_string\"}}],\"inLanguage\":\"fr-FR\"},{\"@type\":\"Organization\",\"@id\":\"https:\/\/marinelecoz.com\/#organization\",\"name\":\"Coaching professionnel\",\"url\":\"https:\/\/marinelecoz.com\/\",\"logo\":{\"@type\":\"ImageObject\",\"inLanguage\":\"fr-FR\",\"@id\":\"https:\/\/marinelecoz.com\/#\/schema\/logo\/image\/\",\"url\":\"https:\/\/marinelecoz.com\/wp-content\/uploads\/2024\/12\/MARine-2.png\",\"contentUrl\":\"https:\/\/marinelecoz.com\/wp-content\/uploads\/2024\/12\/MARine-2.png\",\"width\":500,\"height\":500,\"caption\":\"Coaching professionnel\"},\"image\":{\"@id\":\"https:\/\/marinelecoz.com\/#\/schema\/logo\/image\/\"},\"sameAs\":[\"https:\/\/www.linkedin.com\/in\/marinelecoz\",\"https:\/\/www.instagram.com\/marinelecozcoach\/profilcard\/?igsh=OGJhODkydzRnNDFx\"]}]}<\/script>\n<!-- \/ Yoast SEO plugin. -->","yoast_head_json":{"title":"Me contacter -","description":"A la recherche d'un coaching pro ou DU coaching pro adapt\u00e9 apr\u00e8s un arr\u00eat maladie suite \u00e0 un cancer ? Du p\u00e9pin \u00e0 la p\u00e9pite, c'est par ici !","robots":{"index":"index","follow":"follow","max-snippet":"max-snippet:-1","max-image-preview":"max-image-preview:large","max-video-preview":"max-video-preview:-1"},"canonical":"https:\/\/marinelecoz.com\/?page_id=1067","og_locale":"fr_FR","og_type":"article","og_title":"Me contacter -","og_description":"A la recherche d'un coaching pro ou DU coaching pro adapt\u00e9 apr\u00e8s un arr\u00eat maladie suite \u00e0 un cancer ? Du p\u00e9pin \u00e0 la p\u00e9pite, c'est par ici !","og_url":"https:\/\/marinelecoz.com\/?page_id=1067","article_modified_time":"2025-02-05T14:57:26+00:00","og_image":[{"width":400,"height":380,"url":"https:\/\/marinelecoz.com\/wp-content\/uploads\/2024\/12\/Contact.jpg","type":"image\/jpeg"}],"twitter_card":"summary_large_image","twitter_misc":{"Dur\u00e9e de lecture estim\u00e9e":"1 minute"},"schema":{"@context":"https:\/\/schema.org","@graph":[{"@type":"WebPage","@id":"https:\/\/marinelecoz.com\/?page_id=1067","url":"https:\/\/marinelecoz.com\/?page_id=1067","name":"Me contacter -","isPartOf":{"@id":"https:\/\/marinelecoz.com\/#website"},"primaryImageOfPage":{"@id":"https:\/\/marinelecoz.com\/?page_id=1067#primaryimage"},"image":{"@id":"https:\/\/marinelecoz.com\/?page_id=1067#primaryimage"},"thumbnailUrl":"https:\/\/marinelecoz.com\/wp-content\/uploads\/2024\/12\/Contact.jpg","datePublished":"2024-12-10T20:10:51+00:00","dateModified":"2025-02-05T14:57:26+00:00","description":"A la recherche d'un coaching pro ou DU coaching pro adapt\u00e9 apr\u00e8s un arr\u00eat maladie suite \u00e0 un cancer ? Du p\u00e9pin \u00e0 la p\u00e9pite, c'est par ici !","breadcrumb":{"@id":"https:\/\/marinelecoz.com\/?page_id=1067#breadcrumb"},"inLanguage":"fr-FR","potentialAction":[{"@type":"ReadAction","target":["https:\/\/marinelecoz.com\/?page_id=1067"]}]},{"@type":"ImageObject","inLanguage":"fr-FR","@id":"https:\/\/marinelecoz.com\/?page_id=1067#primaryimage","url":"https:\/\/marinelecoz.com\/wp-content\/uploads\/2024\/12\/Contact.jpg","contentUrl":"https:\/\/marinelecoz.com\/wp-content\/uploads\/2024\/12\/Contact.jpg","width":400,"height":380},{"@type":"BreadcrumbList","@id":"https:\/\/marinelecoz.com\/?page_id=1067#breadcrumb","itemListElement":[{"@type":"ListItem","position":1,"name":"Home","item":"https:\/\/marinelecoz.com\/"},{"@type":"ListItem","position":2,"name":"Me contacter"}]},{"@type":"WebSite","@id":"https:\/\/marinelecoz.com\/#website","url":"https:\/\/marinelecoz.com\/","name":"Marine Le Coz","description":"Marine Le Coz","publisher":{"@id":"https:\/\/marinelecoz.com\/#organization"},"potentialAction":[{"@type":"SearchAction","target":{"@type":"EntryPoint","urlTemplate":"https:\/\/marinelecoz.com\/?s={search_term_string}"},"query-input":{"@type":"PropertyValueSpecification","valueRequired":true,"valueName":"search_term_string"}}],"inLanguage":"fr-FR"},{"@type":"Organization","@id":"https:\/\/marinelecoz.com\/#organization","name":"Coaching professionnel","url":"https:\/\/marinelecoz.com\/","logo":{"@type":"ImageObject","inLanguage":"fr-FR","@id":"https:\/\/marinelecoz.com\/#\/schema\/logo\/image\/","url":"https:\/\/marinelecoz.com\/wp-content\/uploads\/2024\/12\/MARine-2.png","contentUrl":"https:\/\/marinelecoz.com\/wp-content\/uploads\/2024\/12\/MARine-2.png","width":500,"height":500,"caption":"Coaching professionnel"},"image":{"@id":"https:\/\/marinelecoz.com\/#\/schema\/logo\/image\/"},"sameAs":["https:\/\/www.linkedin.com\/in\/marinelecoz","https:\/\/www.instagram.com\/marinelecozcoach\/profilcard\/?igsh=OGJhODkydzRnNDFx"]}]}},"_links":{"self":[{"href":"https:\/\/marinelecoz.com\/index.php?rest_route=\/wp\/v2\/pages\/1067","targetHints":{"allow":["GET"]}}],"collection":[{"href":"https:\/\/marinelecoz.com\/index.php?rest_route=\/wp\/v2\/pages"}],"about":[{"href":"https:\/\/marinelecoz.com\/index.php?rest_route=\/wp\/v2\/types\/page"}],"author":[{"embeddable":true,"href":"https:\/\/marinelecoz.com\/index.php?rest_route=\/wp\/v2\/users\/1"}],"replies":[{"embeddable":true,"href":"https:\/\/marinelecoz.com\/index.php?rest_route=%2Fwp%2Fv2%2Fcomments&post=1067"}],"version-history":[{"count":65,"href":"https:\/\/marinelecoz.com\/index.php?rest_route=\/wp\/v2\/pages\/1067\/revisions"}],"predecessor-version":[{"id":1978,"href":"https:\/\/marinelecoz.com\/index.php?rest_route=\/wp\/v2\/pages\/1067\/revisions\/1978"}],"wp:featuredmedia":[{"embeddable":true,"href":"https:\/\/marinelecoz.com\/index.php?rest_route=\/wp\/v2\/media\/1072"}],"wp:attachment":[{"href":"https:\/\/marinelecoz.com\/index.php?rest_route=%2Fwp%2Fv2%2Fmedia&parent=1067"}],"curies":[{"name":"wp","href":"https:\/\/api.w.org\/{rel}","templated":true}]}}