{"id":1108,"date":"2024-12-10T20:11:02","date_gmt":"2024-12-10T20:11:02","guid":{"rendered":"https:\/\/marinelecoz.com\/?page_id=1108"},"modified":"2025-02-05T14:46:14","modified_gmt":"2025-02-05T14:46:14","slug":"accueil","status":"publish","type":"page","link":"https:\/\/marinelecoz.com\/","title":{"rendered":"Home"},"content":{"rendered":"\t\t<div data-elementor-type=\"wp-page\" data-elementor-id=\"1108\" class=\"elementor elementor-1108\">\n\t\t\t\t<div class=\"elementor-element elementor-element-82a1aec e-flex e-con-boxed e-con e-parent\" data-id=\"82a1aec\" data-element_type=\"container\">\n\t\t\t\t\t<div class=\"e-con-inner\">\n\t\t\t\t<div class=\"elementor-element elementor-element-1a9d40f elementor-hidden-desktop elementor-hidden-tablet elementor-widget elementor-widget-image\" data-id=\"1a9d40f\" data-element_type=\"widget\" data-widget_type=\"image.default\">\n\t\t\t\t<div class=\"elementor-widget-container\">\n\t\t\t\t\t\t\t\t\t\t\t\t<figure class=\"wp-caption\">\n\t\t\t\t\t\t\t\t\t\t\t<a href=\"https:\/\/marinelecoz.com\/?page_id=1087\">\n\t\t\t\t\t\t\t<img fetchpriority=\"high\" decoding=\"async\" width=\"768\" height=\"1152\" src=\"https:\/\/marinelecoz.com\/wp-content\/uploads\/2025\/01\/IMG_9445-768x1152.jpg\" class=\"attachment-medium_large size-medium_large wp-image-1850\" alt=\"\" srcset=\"https:\/\/marinelecoz.com\/wp-content\/uploads\/2025\/01\/IMG_9445-768x1152.jpg 768w, https:\/\/marinelecoz.com\/wp-content\/uploads\/2025\/01\/IMG_9445-200x300.jpg 200w, https:\/\/marinelecoz.com\/wp-content\/uploads\/2025\/01\/IMG_9445-683x1024.jpg 683w, https:\/\/marinelecoz.com\/wp-content\/uploads\/2025\/01\/IMG_9445-1024x1536.jpg 1024w, https:\/\/marinelecoz.com\/wp-content\/uploads\/2025\/01\/IMG_9445-1365x2048.jpg 1365w, https:\/\/marinelecoz.com\/wp-content\/uploads\/2025\/01\/IMG_9445-scaled.jpg 1707w\" sizes=\"(max-width: 768px) 100vw, 768px\" \/>\t\t\t\t\t\t\t\t<\/a>\n\t\t\t\t\t\t\t\t\t\t\t<figcaption class=\"widget-image-caption wp-caption-text\">Je suis coach professionnelle <\/figcaption>\n\t\t\t\t\t\t\t\t\t\t<\/figure>\n\t\t\t\t\t\t\t\t\t<\/div>\n\t\t\t\t<\/div>\n\t\t\t\t\t<\/div>\n\t\t\t\t<\/div>\n\t\t<div class=\"elementor-element elementor-element-1697ded0 e-con-full e-flex e-con e-parent\" data-id=\"1697ded0\" data-element_type=\"container\">\n\t\t<div class=\"elementor-element elementor-element-5acba789 e-con-full e-flex e-con e-child\" data-id=\"5acba789\" data-element_type=\"container\">\n\t\t<div class=\"elementor-element elementor-element-5b1700be e-con-full e-flex e-con e-child\" data-id=\"5b1700be\" data-element_type=\"container\">\n\t\t\t\t<div class=\"elementor-element elementor-element-40c45974 elementor-widget elementor-widget-heading\" data-id=\"40c45974\" data-element_type=\"widget\" data-widget_type=\"heading.default\">\n\t\t\t\t<div class=\"elementor-widget-container\">\n\t\t\t\t\t<h1 class=\"elementor-heading-title elementor-size-default\">Bienvenue<\/h1>\t\t\t\t<\/div>\n\t\t\t\t<\/div>\n\t\t\t\t<div class=\"elementor-element elementor-element-1747235 elementor-widget__width-initial elementor-widget elementor-widget-text-editor\" data-id=\"1747235\" data-element_type=\"widget\" data-widget_type=\"text-editor.default\">\n\t\t\t\t<div class=\"elementor-widget-container\">\n\t\t\t\t\t\t\t\t\t<p><span style=\"font-weight: 400;\">Je m\u2019appelle Marine Le Coz, je suis coach, et mon r\u00f4le est de <strong>t&rsquo;accompagner dans ton cheminement professionnel<\/strong>.<\/span><\/p>\n<p><span style=\"font-weight: 400;\">Par un programme de\u00a0 coaching sur mesure, je te guide dans la reconstruction d&rsquo;un projet professionnel et t&rsquo;aide \u00e0 (re)trouver clart\u00e9 &amp; confiance en toi, faire des choix plus libres et atteindre un \u00e9quilibre de vie.<\/span><\/p>\n<p>Je propose du coaching professionnel classique, ainsi qu&rsquo;un programme de coaching adapt\u00e9 pour<strong> les personnes qui veulent reprendre le travail ou reconstruire leur projet pro apr\u00e8s un cancer<\/strong>.<\/p>\t\t\t\t\t\t\t\t<\/div>\n\t\t\t\t<\/div>\n\t\t\t\t<div class=\"elementor-element elementor-element-5a47fb20 elementor-invisible elementor-widget elementor-widget-button\" data-id=\"5a47fb20\" data-element_type=\"widget\" data-settings=\"{&quot;_animation&quot;:&quot;fadeInDown&quot;}\" data-widget_type=\"button.default\">\n\t\t\t\t<div class=\"elementor-widget-container\">\n\t\t\t\t\t\t\t\t\t<div class=\"elementor-button-wrapper\">\n\t\t\t\t\t<a class=\"elementor-button elementor-button-link elementor-size-sm elementor-animation-sink\" href=\"https:\/\/marinelecoz.com\/?page_id=1087\">\n\t\t\t\t\t\t<span class=\"elementor-button-content-wrapper\">\n\t\t\t\t\t\t\t\t\t<span class=\"elementor-button-text\">Mes services<\/span>\n\t\t\t\t\t<\/span>\n\t\t\t\t\t<\/a>\n\t\t\t\t<\/div>\n\t\t\t\t\t\t\t\t<\/div>\n\t\t\t\t<\/div>\n\t\t\t\t<\/div>\n\t\t\t\t<\/div>\n\t\t<div class=\"elementor-element elementor-element-4fa65dce e-con-full elementor-hidden-mobile e-flex e-con e-child\" data-id=\"4fa65dce\" data-element_type=\"container\" data-settings=\"{&quot;background_background&quot;:&quot;classic&quot;}\">\n\t\t\t\t<\/div>\n\t\t\t\t<\/div>\n\t\t<div class=\"elementor-element elementor-element-ecb928c e-flex e-con-boxed e-con e-parent\" data-id=\"ecb928c\" data-element_type=\"container\">\n\t\t\t\t\t<div class=\"e-con-inner\">\n\t\t\t\t<div class=\"elementor-element elementor-element-009af68 elementor-widget elementor-widget-spacer\" data-id=\"009af68\" data-element_type=\"widget\" data-widget_type=\"spacer.default\">\n\t\t\t\t<div class=\"elementor-widget-container\">\n\t\t\t\t\t\t\t<div class=\"elementor-spacer\">\n\t\t\t<div class=\"elementor-spacer-inner\"><\/div>\n\t\t<\/div>\n\t\t\t\t\t\t<\/div>\n\t\t\t\t<\/div>\n\t\t\t\t<div class=\"elementor-element elementor-element-cf7d963 elementor-widget elementor-widget-heading\" data-id=\"cf7d963\" data-element_type=\"widget\" data-widget_type=\"heading.default\">\n\t\t\t\t<div class=\"elementor-widget-container\">\n\t\t\t\t\t<h1 class=\"elementor-heading-title elementor-size-default\">C'est quoi le coaching ?<\/h1>\t\t\t\t<\/div>\n\t\t\t\t<\/div>\n\t\t\t\t<div class=\"elementor-element elementor-element-a0b6a2b elementor-widget__width-initial elementor-widget elementor-widget-text-editor\" data-id=\"a0b6a2b\" data-element_type=\"widget\" data-widget_type=\"text-editor.default\">\n\t\t\t\t<div class=\"elementor-widget-container\">\n\t\t\t\t\t\t\t\t\t<p>Coacher une personne consiste \u00e0 l\u2019accompagner afin qu\u2019elle trouve <strong>elle-m\u00eame<\/strong> ses propres r\u00e9ponses aux questions qu\u2019elle se pose ou aux probl\u00e9matiques qu\u2019elle rencontre.<\/p><p>L\u2019objectif de cette m\u00e9thode, c&rsquo;est de construire une <strong>autonomie de r\u00e9flexion et d\u2019action<\/strong>, en apportant un \u00e9clairage pour permettre \u00e0 la personne coach\u00e9e de surmonter ses difficult\u00e9s et d\u2019\u00e9largir son point de vue.<\/p><p>Il s\u2019agit de faire \u00e9merger ses talents, de l\u2019aider \u00e0 \u00e9voluer, \u00e0 progresser et \u00e0 trouver ses propres solutions en fonction de ses <strong>valeurs<\/strong>.<\/p><p>Le r\u00f4le du coach n\u2019est donc pas d\u2019apporter les bonnes r\u00e9ponses mais de poser les bonnes questions.<\/p><p>Le coaching <strong>n&rsquo;est donc PAS<\/strong> <strong>du conseil.<\/strong><\/p><p>Ce n&rsquo;est <strong>PAS non plus de la th\u00e9rapie<\/strong> :\u00a0<\/p><ul><li><strong>le coach ne soigne pas :\u00a0<\/strong>je t&rsquo;accompagne \u00e0 <strong>CONSTRUIRE<\/strong>, \u00e0 <strong>EVOLUER<\/strong><\/li><\/ul><ul><li>le coach ne ne t&rsquo;aide <strong>pas<\/strong> \u00e0\u00a0comprendre le PASS\u00c9, \u00e0 travailler l&rsquo;inconscient, g\u00e9rer les traumatismes : je ne me concentre pas sur le POURQUOI, mais sur le <strong>QUOI<\/strong> et le <strong>COMMENT<\/strong> tu peux <strong>construire ton FUTUR<\/strong>, en fonction de la situation <strong>ACTUELLE<\/strong>.<\/li><\/ul>\t\t\t\t\t\t\t\t<\/div>\n\t\t\t\t<\/div>\n\t\t\t\t<div class=\"elementor-element elementor-element-0b9b837 elementor-widget-mobile__width-inherit elementor-align-center elementor-invisible elementor-widget elementor-widget-button\" data-id=\"0b9b837\" data-element_type=\"widget\" data-settings=\"{&quot;_animation&quot;:&quot;fadeInDown&quot;}\" data-widget_type=\"button.default\">\n\t\t\t\t<div class=\"elementor-widget-container\">\n\t\t\t\t\t\t\t\t\t<div class=\"elementor-button-wrapper\">\n\t\t\t\t\t<a class=\"elementor-button elementor-button-link elementor-size-sm elementor-animation-sink\" href=\"https:\/\/marinelecoz.com\/?page_id=1087\">\n\t\t\t\t\t\t<span class=\"elementor-button-content-wrapper\">\n\t\t\t\t\t\t\t\t\t<span class=\"elementor-button-text\">D\u00e9couvrir mes coachings<\/span>\n\t\t\t\t\t<\/span>\n\t\t\t\t\t<\/a>\n\t\t\t\t<\/div>\n\t\t\t\t\t\t\t\t<\/div>\n\t\t\t\t<\/div>\n\t\t\t\t\t<\/div>\n\t\t\t\t<\/div>\n\t\t<div class=\"elementor-element elementor-element-7ba6250 e-flex e-con-boxed e-con e-parent\" data-id=\"7ba6250\" data-element_type=\"container\">\n\t\t\t\t\t<div class=\"e-con-inner\">\n\t\t<div class=\"elementor-element elementor-element-845dcf6 e-con-full e-flex e-con e-child\" data-id=\"845dcf6\" data-element_type=\"container\">\n\t\t\t\t<div class=\"elementor-element elementor-element-347d1e9 elementor-widget elementor-widget-heading\" data-id=\"347d1e9\" data-element_type=\"widget\" data-widget_type=\"heading.default\">\n\t\t\t\t<div class=\"elementor-widget-container\">\n\t\t\t\t\t<h2 class=\"elementor-heading-title elementor-size-default\">Se faire coacher c'est...<\/h2>\t\t\t\t<\/div>\n\t\t\t\t<\/div>\n\t\t\t\t<\/div>\n\t\t<div class=\"elementor-element elementor-element-8a7c209 e-con-full e-flex e-con e-child\" data-id=\"8a7c209\" data-element_type=\"container\">\n\t\t\t\t<div class=\"elementor-element elementor-element-f822a07 elementor-widget elementor-widget-text-editor\" data-id=\"f822a07\" data-element_type=\"widget\" data-widget_type=\"text-editor.default\">\n\t\t\t\t<div class=\"elementor-widget-container\">\n\t\t\t\t\t\t\t\t\t<p>B\u00e9n\u00e9ficier d&rsquo;un accompagnement <strong>contractualis\u00e9<\/strong>, <strong>confidentiel<\/strong>, dans une <strong>relation de partenariat, de confiance, d&rsquo;\u00e9volution continue\u00a0<\/strong>et de <strong>responsabilit\u00e9 partag\u00e9e<\/strong>\u00a0entre toi et moi.<\/p><p>Je suis responsable de la m\u00e9thode et des outils employ\u00e9s et toi, tu es responsable des actions &amp; des r\u00e9sultats obtenus.<\/p>\t\t\t\t\t\t\t\t<\/div>\n\t\t\t\t<\/div>\n\t\t\t\t<div class=\"elementor-element elementor-element-4056e05 elementor-widget-mobile__width-inherit elementor-align-center elementor-invisible elementor-widget elementor-widget-button\" data-id=\"4056e05\" data-element_type=\"widget\" data-settings=\"{&quot;_animation&quot;:&quot;fadeInDown&quot;}\" data-widget_type=\"button.default\">\n\t\t\t\t<div class=\"elementor-widget-container\">\n\t\t\t\t\t\t\t\t\t<div class=\"elementor-button-wrapper\">\n\t\t\t\t\t<a class=\"elementor-button elementor-button-link elementor-size-sm elementor-animation-sink\" href=\"https:\/\/marinelecoz.com\/?page_id=1067\">\n\t\t\t\t\t\t<span class=\"elementor-button-content-wrapper\">\n\t\t\t\t\t\t\t\t\t<span class=\"elementor-button-text\">Me contacter<\/span>\n\t\t\t\t\t<\/span>\n\t\t\t\t\t<\/a>\n\t\t\t\t<\/div>\n\t\t\t\t\t\t\t\t<\/div>\n\t\t\t\t<\/div>\n\t\t\t\t<\/div>\n\t\t\t\t\t<\/div>\n\t\t\t\t<\/div>\n\t\t<div class=\"elementor-element elementor-element-110a7d2 e-flex e-con-boxed e-con e-parent\" data-id=\"110a7d2\" data-element_type=\"container\">\n\t\t\t\t\t<div class=\"e-con-inner\">\n\t\t\t\t<div class=\"elementor-element elementor-element-24ab6fa elementor-widget elementor-widget-spacer\" data-id=\"24ab6fa\" data-element_type=\"widget\" data-widget_type=\"spacer.default\">\n\t\t\t\t<div class=\"elementor-widget-container\">\n\t\t\t\t\t\t\t<div class=\"elementor-spacer\">\n\t\t\t<div class=\"elementor-spacer-inner\"><\/div>\n\t\t<\/div>\n\t\t\t\t\t\t<\/div>\n\t\t\t\t<\/div>\n\t\t\t\t\t<\/div>\n\t\t\t\t<\/div>\n\t\t\t\t<\/div>\n\t\t","protected":false},"excerpt":{"rendered":"<p>Je suis coach professionnelle Bienvenue Je m\u2019appelle Marine Le Coz, je suis coach, et mon r\u00f4le est de t&rsquo;accompagner dans [&hellip;]<\/p>\n","protected":false},"author":1,"featured_media":1376,"parent":0,"menu_order":0,"comment_status":"closed","ping_status":"closed","template":"elementor_header_footer","meta":{"site-sidebar-layout":"default","site-content-layout":"","ast-site-content-layout":"","site-content-style":"default","site-sidebar-style":"default","ast-global-header-display":"","ast-banner-title-visibility":"","ast-main-header-display":"","ast-hfb-above-header-display":"","ast-hfb-below-header-display":"","ast-hfb-mobile-header-display":"","site-post-title":"","ast-breadcrumbs-content":"","ast-featured-img":"","footer-sml-layout":"","theme-transparent-header-meta":"","adv-header-id-meta":"","stick-header-meta":"","header-above-stick-meta":"","header-main-stick-meta":"","header-below-stick-meta":"","astra-migrate-meta-layouts":"default","ast-page-background-enabled":"default","ast-page-background-meta":{"desktop":{"background-color":"var(--ast-global-color-4)","background-image":"","background-repeat":"repeat","background-position":"center center","background-size":"auto","background-attachment":"scroll","background-type":"","background-media":"","overlay-type":"","overlay-color":"","overlay-opacity":"","overlay-gradient":""},"tablet":{"background-color":"","background-image":"","background-repeat":"repeat","background-position":"center center","background-size":"auto","background-attachment":"scroll","background-type":"","background-media":"","overlay-type":"","overlay-color":"","overlay-opacity":"","overlay-gradient":""},"mobile":{"background-color":"","background-image":"","background-repeat":"repeat","background-position":"center center","background-size":"auto","background-attachment":"scroll","background-type":"","background-media":"","overlay-type":"","overlay-color":"","overlay-opacity":"","overlay-gradient":""}},"ast-content-background-meta":{"desktop":{"background-color":"var(--ast-global-color-5)","background-image":"","background-repeat":"repeat","background-position":"center center","background-size":"auto","background-attachment":"scroll","background-type":"","background-media":"","overlay-type":"","overlay-color":"","overlay-opacity":"","overlay-gradient":""},"tablet":{"background-color":"var(--ast-global-color-5)","background-image":"","background-repeat":"repeat","background-position":"center center","background-size":"auto","background-attachment":"scroll","background-type":"","background-media":"","overlay-type":"","overlay-color":"","overlay-opacity":"","overlay-gradient":""},"mobile":{"background-color":"var(--ast-global-color-5)","background-image":"","background-repeat":"repeat","background-position":"center center","background-size":"auto","background-attachment":"scroll","background-type":"","background-media":"","overlay-type":"","overlay-color":"","overlay-opacity":"","overlay-gradient":""}},"footnotes":""},"class_list":["post-1108","page","type-page","status-publish","has-post-thumbnail","hentry"],"yoast_head":"<!-- This site is optimized with the Yoast SEO plugin v24.1 - https:\/\/yoast.com\/wordpress\/plugins\/seo\/ -->\n<title>-<\/title>\n<meta name=\"description\" content=\"Accompagner la reprise professionnelle apr\u00e8s une \u00e9preuve de vie comme le cancer, avec un programme de coaching adapt\u00e9\" \/>\n<meta name=\"robots\" content=\"index, follow, max-snippet:-1, max-image-preview:large, max-video-preview:-1\" \/>\n<link rel=\"canonical\" href=\"https:\/\/marinelecoz.com\/\" \/>\n<meta property=\"og:locale\" content=\"fr_FR\" \/>\n<meta property=\"og:type\" content=\"article\" \/>\n<meta property=\"og:title\" content=\"-\" \/>\n<meta property=\"og:description\" content=\"Accompagner la reprise professionnelle apr\u00e8s une \u00e9preuve de vie comme le cancer, avec un programme de coaching adapt\u00e9\" \/>\n<meta property=\"og:url\" content=\"https:\/\/marinelecoz.com\/\" \/>\n<meta property=\"article:modified_time\" content=\"2025-02-05T14:46:14+00:00\" \/>\n<meta property=\"og:image\" content=\"https:\/\/marinelecoz.com\/wp-content\/uploads\/2024\/12\/IMG_9445-1.jpg\" \/>\n\t<meta property=\"og:image:width\" content=\"1000\" \/>\n\t<meta property=\"og:image:height\" content=\"1500\" \/>\n\t<meta property=\"og:image:type\" content=\"image\/jpeg\" \/>\n<meta name=\"twitter:card\" content=\"summary_large_image\" \/>\n<meta name=\"twitter:label1\" content=\"Dur\u00e9e de lecture estim\u00e9e\" \/>\n\t<meta name=\"twitter:data1\" content=\"2 minutes\" \/>\n<script type=\"application\/ld+json\" class=\"yoast-schema-graph\">{\"@context\":\"https:\/\/schema.org\",\"@graph\":[{\"@type\":\"WebPage\",\"@id\":\"https:\/\/marinelecoz.com\/\",\"url\":\"https:\/\/marinelecoz.com\/\",\"name\":\"-\",\"isPartOf\":{\"@id\":\"https:\/\/marinelecoz.com\/#website\"},\"primaryImageOfPage\":{\"@id\":\"https:\/\/marinelecoz.com\/#primaryimage\"},\"image\":{\"@id\":\"https:\/\/marinelecoz.com\/#primaryimage\"},\"thumbnailUrl\":\"https:\/\/marinelecoz.com\/wp-content\/uploads\/2024\/12\/IMG_9445-1.jpg\",\"datePublished\":\"2024-12-10T20:11:02+00:00\",\"dateModified\":\"2025-02-05T14:46:14+00:00\",\"description\":\"Accompagner la reprise professionnelle apr\u00e8s une \u00e9preuve de vie comme le cancer, avec un programme de coaching adapt\u00e9\",\"breadcrumb\":{\"@id\":\"https:\/\/marinelecoz.com\/#breadcrumb\"},\"inLanguage\":\"fr-FR\",\"potentialAction\":[{\"@type\":\"ReadAction\",\"target\":[\"https:\/\/marinelecoz.com\/\"]}]},{\"@type\":\"ImageObject\",\"inLanguage\":\"fr-FR\",\"@id\":\"https:\/\/marinelecoz.com\/#primaryimage\",\"url\":\"https:\/\/marinelecoz.com\/wp-content\/uploads\/2024\/12\/IMG_9445-1.jpg\",\"contentUrl\":\"https:\/\/marinelecoz.com\/wp-content\/uploads\/2024\/12\/IMG_9445-1.jpg\",\"width\":1000,\"height\":1500},{\"@type\":\"BreadcrumbList\",\"@id\":\"https:\/\/marinelecoz.com\/#breadcrumb\",\"itemListElement\":[{\"@type\":\"ListItem\",\"position\":1,\"name\":\"Home\",\"item\":\"https:\/\/marinelecoz.com\/\"},{\"@type\":\"ListItem\",\"position\":2,\"name\":\"Home\"}]},{\"@type\":\"WebSite\",\"@id\":\"https:\/\/marinelecoz.com\/#website\",\"url\":\"https:\/\/marinelecoz.com\/\",\"name\":\"Marine Le Coz\",\"description\":\"Marine Le Coz\",\"publisher\":{\"@id\":\"https:\/\/marinelecoz.com\/#organization\"},\"potentialAction\":[{\"@type\":\"SearchAction\",\"target\":{\"@type\":\"EntryPoint\",\"urlTemplate\":\"https:\/\/marinelecoz.com\/?s={search_term_string}\"},\"query-input\":{\"@type\":\"PropertyValueSpecification\",\"valueRequired\":true,\"valueName\":\"search_term_string\"}}],\"inLanguage\":\"fr-FR\"},{\"@type\":\"Organization\",\"@id\":\"https:\/\/marinelecoz.com\/#organization\",\"name\":\"Coaching professionnel\",\"url\":\"https:\/\/marinelecoz.com\/\",\"logo\":{\"@type\":\"ImageObject\",\"inLanguage\":\"fr-FR\",\"@id\":\"https:\/\/marinelecoz.com\/#\/schema\/logo\/image\/\",\"url\":\"https:\/\/marinelecoz.com\/wp-content\/uploads\/2024\/12\/MARine-2.png\",\"contentUrl\":\"https:\/\/marinelecoz.com\/wp-content\/uploads\/2024\/12\/MARine-2.png\",\"width\":500,\"height\":500,\"caption\":\"Coaching professionnel\"},\"image\":{\"@id\":\"https:\/\/marinelecoz.com\/#\/schema\/logo\/image\/\"},\"sameAs\":[\"https:\/\/www.linkedin.com\/in\/marinelecoz\",\"https:\/\/www.instagram.com\/marinelecozcoach\/profilcard\/?igsh=OGJhODkydzRnNDFx\"]}]}<\/script>\n<!-- \/ Yoast SEO plugin. -->","yoast_head_json":{"title":"-","description":"Accompagner la reprise professionnelle apr\u00e8s une \u00e9preuve de vie comme le cancer, avec un programme de coaching adapt\u00e9","robots":{"index":"index","follow":"follow","max-snippet":"max-snippet:-1","max-image-preview":"max-image-preview:large","max-video-preview":"max-video-preview:-1"},"canonical":"https:\/\/marinelecoz.com\/","og_locale":"fr_FR","og_type":"article","og_title":"-","og_description":"Accompagner la reprise professionnelle apr\u00e8s une \u00e9preuve de vie comme le cancer, avec un programme de coaching adapt\u00e9","og_url":"https:\/\/marinelecoz.com\/","article_modified_time":"2025-02-05T14:46:14+00:00","og_image":[{"width":1000,"height":1500,"url":"https:\/\/marinelecoz.com\/wp-content\/uploads\/2024\/12\/IMG_9445-1.jpg","type":"image\/jpeg"}],"twitter_card":"summary_large_image","twitter_misc":{"Dur\u00e9e de lecture estim\u00e9e":"2 minutes"},"schema":{"@context":"https:\/\/schema.org","@graph":[{"@type":"WebPage","@id":"https:\/\/marinelecoz.com\/","url":"https:\/\/marinelecoz.com\/","name":"-","isPartOf":{"@id":"https:\/\/marinelecoz.com\/#website"},"primaryImageOfPage":{"@id":"https:\/\/marinelecoz.com\/#primaryimage"},"image":{"@id":"https:\/\/marinelecoz.com\/#primaryimage"},"thumbnailUrl":"https:\/\/marinelecoz.com\/wp-content\/uploads\/2024\/12\/IMG_9445-1.jpg","datePublished":"2024-12-10T20:11:02+00:00","dateModified":"2025-02-05T14:46:14+00:00","description":"Accompagner la reprise professionnelle apr\u00e8s une \u00e9preuve de vie comme le cancer, avec un programme de coaching adapt\u00e9","breadcrumb":{"@id":"https:\/\/marinelecoz.com\/#breadcrumb"},"inLanguage":"fr-FR","potentialAction":[{"@type":"ReadAction","target":["https:\/\/marinelecoz.com\/"]}]},{"@type":"ImageObject","inLanguage":"fr-FR","@id":"https:\/\/marinelecoz.com\/#primaryimage","url":"https:\/\/marinelecoz.com\/wp-content\/uploads\/2024\/12\/IMG_9445-1.jpg","contentUrl":"https:\/\/marinelecoz.com\/wp-content\/uploads\/2024\/12\/IMG_9445-1.jpg","width":1000,"height":1500},{"@type":"BreadcrumbList","@id":"https:\/\/marinelecoz.com\/#breadcrumb","itemListElement":[{"@type":"ListItem","position":1,"name":"Home","item":"https:\/\/marinelecoz.com\/"},{"@type":"ListItem","position":2,"name":"Home"}]},{"@type":"WebSite","@id":"https:\/\/marinelecoz.com\/#website","url":"https:\/\/marinelecoz.com\/","name":"Marine Le Coz","description":"Marine Le Coz","publisher":{"@id":"https:\/\/marinelecoz.com\/#organization"},"potentialAction":[{"@type":"SearchAction","target":{"@type":"EntryPoint","urlTemplate":"https:\/\/marinelecoz.com\/?s={search_term_string}"},"query-input":{"@type":"PropertyValueSpecification","valueRequired":true,"valueName":"search_term_string"}}],"inLanguage":"fr-FR"},{"@type":"Organization","@id":"https:\/\/marinelecoz.com\/#organization","name":"Coaching professionnel","url":"https:\/\/marinelecoz.com\/","logo":{"@type":"ImageObject","inLanguage":"fr-FR","@id":"https:\/\/marinelecoz.com\/#\/schema\/logo\/image\/","url":"https:\/\/marinelecoz.com\/wp-content\/uploads\/2024\/12\/MARine-2.png","contentUrl":"https:\/\/marinelecoz.com\/wp-content\/uploads\/2024\/12\/MARine-2.png","width":500,"height":500,"caption":"Coaching professionnel"},"image":{"@id":"https:\/\/marinelecoz.com\/#\/schema\/logo\/image\/"},"sameAs":["https:\/\/www.linkedin.com\/in\/marinelecoz","https:\/\/www.instagram.com\/marinelecozcoach\/profilcard\/?igsh=OGJhODkydzRnNDFx"]}]}},"_links":{"self":[{"href":"https:\/\/marinelecoz.com\/index.php?rest_route=\/wp\/v2\/pages\/1108","targetHints":{"allow":["GET"]}}],"collection":[{"href":"https:\/\/marinelecoz.com\/index.php?rest_route=\/wp\/v2\/pages"}],"about":[{"href":"https:\/\/marinelecoz.com\/index.php?rest_route=\/wp\/v2\/types\/page"}],"author":[{"embeddable":true,"href":"https:\/\/marinelecoz.com\/index.php?rest_route=\/wp\/v2\/users\/1"}],"replies":[{"embeddable":true,"href":"https:\/\/marinelecoz.com\/index.php?rest_route=%2Fwp%2Fv2%2Fcomments&post=1108"}],"version-history":[{"count":89,"href":"https:\/\/marinelecoz.com\/index.php?rest_route=\/wp\/v2\/pages\/1108\/revisions"}],"predecessor-version":[{"id":1959,"href":"https:\/\/marinelecoz.com\/index.php?rest_route=\/wp\/v2\/pages\/1108\/revisions\/1959"}],"wp:featuredmedia":[{"embeddable":true,"href":"https:\/\/marinelecoz.com\/index.php?rest_route=\/wp\/v2\/media\/1376"}],"wp:attachment":[{"href":"https:\/\/marinelecoz.com\/index.php?rest_route=%2Fwp%2Fv2%2Fmedia&parent=1108"}],"curies":[{"name":"wp","href":"https:\/\/api.w.org\/{rel}","templated":true}]}}