{"id":1508,"date":"2024-12-19T13:00:06","date_gmt":"2024-12-19T13:00:06","guid":{"rendered":"https:\/\/marinelecoz.com\/?page_id=1508"},"modified":"2025-01-04T17:44:23","modified_gmt":"2025-01-04T17:44:23","slug":"mentions-legales","status":"publish","type":"page","link":"https:\/\/marinelecoz.com\/?page_id=1508","title":{"rendered":"Mentions l\u00e9gales"},"content":{"rendered":"\t\t<div data-elementor-type=\"wp-page\" data-elementor-id=\"1508\" class=\"elementor elementor-1508\">\n\t\t\t\t<div class=\"elementor-element elementor-element-80bbadb e-flex e-con-boxed e-con e-parent\" data-id=\"80bbadb\" data-element_type=\"container\" data-settings=\"{&quot;background_background&quot;:&quot;classic&quot;}\">\n\t\t\t\t\t<div class=\"e-con-inner\">\n\t\t\t\t<div class=\"elementor-element elementor-element-0f19931 elementor-widget elementor-widget-heading\" data-id=\"0f19931\" data-element_type=\"widget\" data-widget_type=\"heading.default\">\n\t\t\t\t<div class=\"elementor-widget-container\">\n\t\t\t\t\t<h2 class=\"elementor-heading-title elementor-size-default\">Mentions l\u00e9gales<\/h2>\t\t\t\t<\/div>\n\t\t\t\t<\/div>\n\t\t\t\t\t<\/div>\n\t\t\t\t<\/div>\n\t\t<div class=\"elementor-element elementor-element-c68d072 e-flex e-con-boxed e-con e-parent\" data-id=\"c68d072\" data-element_type=\"container\" data-settings=\"{&quot;background_background&quot;:&quot;classic&quot;}\">\n\t\t\t\t\t<div class=\"e-con-inner\">\n\t\t\t\t<div class=\"elementor-element elementor-element-692a726 elementor-widget elementor-widget-text-editor\" data-id=\"692a726\" data-element_type=\"widget\" data-widget_type=\"text-editor.default\">\n\t\t\t\t<div class=\"elementor-widget-container\">\n\t\t\t\t\t\t\t\t\t<p class=\"Paragraphe\">En vigueur le 19 d\u00e9cembre 2024.<\/p><p class=\"Paragraphe\">Merci de lire avec attention les diff\u00e9rentes modalit\u00e9s d\u2019utilisation du pr\u00e9sent site avant d\u2019y parcourir ses pages. En vous connectant sur ce site, vous acceptez sans r\u00e9serve les pr\u00e9sentes modalit\u00e9s.<\/p><p class=\"Paragraphe\">Conform\u00e9ment aux dispositions de la loi n\u00b02004-575 du 21 juin 2004 pour la Confiance en l\u2019\u00e9conomie num\u00e9rique, il est port\u00e9 \u00e0 la connaissance des utilisateurs et visiteurs, ci-apr\u00e8s l\u2019 \u00ab\u00a0<b>Utilisateur<\/b>\u00ab\u00a0, du site https:\/\/www.marinelecoz.com\/ , ci-apr\u00e8s le \u00ab\u00a0<b>Site<\/b>\u00ab\u00a0, les pr\u00e9sentes mentions l\u00e9gales.<\/p><p class=\"Paragraphe\">La connexion et la navigation sur le Site par l\u2019Utilisateur implique acceptation int\u00e9grale et sans r\u00e9serve des pr\u00e9sentes mentions l\u00e9gales.<\/p><p class=\"Paragraphe\">Ces derni\u00e8res sont accessibles sur le Site \u00e0 la rubrique \u00ab\u00a0<b>Mentions l\u00e9gales<\/b>\u00ab\u00a0.<\/p><p class=\"Paragraphe\">L\u2019\u00e9dition du Site est assur\u00e9e par la Marine Le Coz.\u00a0<\/p><p class=\"Paragraphe\">&gt; <b>Num\u00e9ro de t\u00e9l\u00e9phone<\/b> : 0778904235<\/p><p class=\"Paragraphe\">&gt; <b>Adresse e-mail<\/b> : marinelecoz@hotmail.com<\/p><p class=\"Paragraphe\">&gt; <b>Directrice de la publication<\/b> : Marine Le Coz<\/p><p class=\"Paragraphe\">ci-apr\u00e8s l&rsquo; \u00ab\u00a0<b>Editrice\u00a0\u00bb<\/b>\u00a0.<\/p><p>L\u2019h\u00e9bergeur du Site est la soci\u00e9t\u00e9 Hostinger, dont le si\u00e8ge social est situ\u00e9 au\u00a0<b>61 Lordou Vironos Street, 6023 Larnaca, Chypre<\/b><\/p><p class=\"Paragraphe\">Le Site est normalement accessible, \u00e0 tout moment, \u00e0 l\u2019Utilisateur. Toutefois, l\u2019Editrice pourra, \u00e0 tout moment, suspendre, limiter ou interrompre le Site afin de proc\u00e9der, notamment, \u00e0 des mises \u00e0 jour ou des modifications de son contenu. L\u2019Editrice ne pourra en aucun cas \u00eatre tenu responsable des cons\u00e9quences \u00e9ventuelles de cette indisponibilit\u00e9 sur les activit\u00e9s de l\u2019Utilisateur.<\/p><div class=\"uncoltable\"><div class=\"uncell no-block-padding\"><div class=\"uncont\"><div class=\"uncode_text_column\"><p class=\"p3\">Merci de lire avec attention les diff\u00e9rentes modalit\u00e9s d\u2019utilisation du pr\u00e9sent site avant d\u2019y parcourir ses pages. En vous connectant sur ce site, vous acceptez sans r\u00e9serve les pr\u00e9sentes modalit\u00e9s.<\/p><p class=\"p3\"><b>Conditions d\u2019utilisation :<\/b><\/p><p class=\"p3\">Ce site\u00a0est propos\u00e9 en diff\u00e9rents langages web (HTML, HTML5, Javascript, CSS, etc\u2026) pour un meilleur confort d\u2019utilisation et un graphisme plus agr\u00e9able, nous vous recommandons de recourir \u00e0 des navigateurs modernes comme Internet explorer, Safari, Firefox, Google Chrome, etc\u2026<\/p><p class=\"p3\">Marine Le Coz met en \u0153uvre tous les moyens dont elle dispose, pour assurer une information fiable et une mise \u00e0 jour fiable de ses sites internet. Toutefois, des erreurs ou omissions peuvent survenir. L\u2019internaute devra donc s\u2019assurer de l\u2019exactitude des informations aupr\u00e8s de l\u2019\u00e9quipe du site, et signaler toutes modifications du site qu\u2019il jugerait utile. Marine Le Coz n\u2019est en aucun cas responsable de l\u2019utilisation faite de ces informations, et de tout pr\u00e9judice direct ou indirect pouvant en d\u00e9couler.<\/p><p class=\"p3\"><b>Cookies<\/b> :<\/p><p class=\"p3\">Le site www.marinelecoz@hotmail.compeut \u00eatre amen\u00e9 \u00e0 vous demander l\u2019acceptation des cookies pour des besoins de statistiques et d\u2019affichage. Un cookies est une information d\u00e9pos\u00e9e sur votre disque dur par le serveur du site que vous visitez. Il contient plusieurs donn\u00e9es qui sont stock\u00e9es sur votre ordinateur dans un simple fichier texte auquel un serveur acc\u00e8de pour lire et enregistrer des informations . Certaines parties de ce site ne peuvent \u00eatre fonctionnelles sans l\u2019acceptation de cookies<\/p><\/div><\/div><\/div><\/div><p>Le Site assure \u00e0 l\u2019Utilisateur une collecte et un traitement des donn\u00e9es personnelles dans le respect de la vie priv\u00e9e conform\u00e9ment \u00e0 la loi n\u00b078-17 du 6 janvier 1978 relative \u00e0 l\u2019informatique, aux fichiers\u00a0 aux libert\u00e9s et dans le respect de la r\u00e8glementation applicable en mati\u00e8re de traitement des donn\u00e9es \u00e0 caract\u00e8re personnel conform\u00e9ment au r\u00e8glement (UE) 2016\/679 du Parlement europ\u00e9en et du Conseil du 27 avril 2016 (ci-apr\u00e8s, ensemble, la \u00ab\u00a0<strong>R\u00e8glementation applicable en mati\u00e8re de protection des Donn\u00e9es \u00e0 caract\u00e8re personnel<\/strong>\u00ab\u00a0).<\/p><p>En vertu de la R\u00e8glementation applicable en mati\u00e8re de protection des Donn\u00e9es \u00e0 caract\u00e8re personnel, l\u2019Utilisateur dispose d\u2019un droit d\u2019acc\u00e8s, de rectification, de suppression et d\u2019opposition de ses donn\u00e9es personnelles. L\u2019Utilisateur peut exercer ce droit depuis le formulaire de contact.<\/p><p class=\"p3\">Tout le contenu pr\u00e9sent sur le site <a href=\"http:\/\/www.jadesarah.com\/\"><span class=\"s1\">www.marinelecoz.com<\/span><\/a> incluant, de fa\u00e7on non limitative, les graphismes, images, textes, vid\u00e9os, animations, sons, logos, gifs et ic\u00f4nes ainsi que leur mise en forme sont la propri\u00e9t\u00e9 exclusive de Marine Le Coz \u00e0 l\u2019exception des marques, logos ou contenus appartenant \u00e0 d\u2019autres soci\u00e9t\u00e9s partenaires ou auteurs.<\/p><p class=\"p3\">Toute reproduction, distribution, modification, adaptation, retransmission ou publication, m\u00eame partielle, de ces diff\u00e9rents \u00e9l\u00e9ments est strictement interdite sans l\u2019accord expr\u00e8s par \u00e9crit de Marine Le Coz. Cette repr\u00e9sentation ou reproduction, par quelque proc\u00e9d\u00e9 que ce soit, constitue une contrefa\u00e7on sanctionn\u00e9e par les articles L.335-2 et suivants du Code de la propri\u00e9t\u00e9 intellectuelle. Le non-respect de cette interdiction constitue une contrefa\u00e7on pouvant engager la responsabilit\u00e9 civile et p\u00e9nale du contrefacteur. En outre, les propri\u00e9taires des Contenus copi\u00e9s pourraient intenter une action en justice \u00e0 votre encontre.<\/p><p class=\"p3\"><b>D\u00e9claration \u00e0 la CNIL :<\/b><\/p><p class=\"p3\">Conform\u00e9ment \u00e0 la loi 78-17 du 6 janvier 1978 (modifi\u00e9e par la loi 2004-801 du 6 ao\u00fbt 2004 relative \u00e0 la protection des personnes physiques \u00e0 l\u2019\u00e9gard des traitements de donn\u00e9es \u00e0 caract\u00e8re personnel) relative \u00e0 l\u2019informatique, aux fichiers et aux libert\u00e9s, ce site n\u2019a pas fait l\u2019objet d\u2019une d\u00e9claration aupr\u00e8s de la Commission nationale de l\u2019informatique et des libert\u00e9s (<a href=\"http:\/\/www.cnil.fr\/\"><span class=\"s1\">www.cnil.fr<\/span><\/a>).<\/p><p class=\"p3\"><b>Donn\u00e9es personnelles :<\/b><\/p><p class=\"p3\">De mani\u00e8re g\u00e9n\u00e9rale, vous n\u2019\u00eates pas tenu de communiquer vos donn\u00e9es personnelles lorsque vous visitez ce site Internet. Cependant, ce principe comporte certaines exceptions. En effet, pour certaines fonctionnalit\u00e9s propos\u00e9es par ce site, vous pouvez \u00eatre amen\u00e9.es \u00e0 nous communiquer certaines donn\u00e9es telles que : votre pr\u00e9nom, votre nom, votre fonction, \u00a0votre adresse \u00e9lectronique, et votre num\u00e9ro de t\u00e9l\u00e9phone. Tel est le cas lorsque vous remplissez le formulaire qui vous est propos\u00e9 en ligne, dans la rubrique \u00ab contact \u00bb. Dans tous les cas, vous pouvez refuser de fournir vos donn\u00e9es personnelles. Dans ce cas, vous ne pourrez pas utiliser les services du site, notamment celui de solliciter des renseignements sur notre entreprise.<\/p><p class=\"p3\">Enfin, je peux collecter de mani\u00e8re automatique certaines informations vous concernant lors d\u2019une simple navigation sur notre site Internet, notamment : des informations concernant l\u2019utilisation de ce site, comme les zones que vous visitez et les services auxquels vous acc\u00e9dez, votre adresse IP, le type de votre navigateur, vos temps d\u2019acc\u00e8s. De telles informations sont utilis\u00e9es exclusivement \u00e0 des fins de statistiques internes, de mani\u00e8re \u00e0 am\u00e9liorer la qualit\u00e9 des services qui vous sont propos\u00e9s. Les bases de donn\u00e9es sont prot\u00e9g\u00e9es par les dispositions de la loi du 1er juillet 1998 transposant la directive 96\/9 du 11 mars 1996 relative \u00e0 la protection juridique des bases de donn\u00e9es.<\/p>\t\t\t\t\t\t\t\t<\/div>\n\t\t\t\t<\/div>\n\t\t\t\t\t<\/div>\n\t\t\t\t<\/div>\n\t\t\t\t<\/div>\n\t\t","protected":false},"excerpt":{"rendered":"<p>Mentions l\u00e9gales En vigueur le 19 d\u00e9cembre 2024. Merci de lire avec attention les diff\u00e9rentes modalit\u00e9s d\u2019utilisation du pr\u00e9sent site [&hellip;]<\/p>\n","protected":false},"author":1,"featured_media":1124,"parent":0,"menu_order":0,"comment_status":"closed","ping_status":"closed","template":"elementor_header_footer","meta":{"site-sidebar-layout":"default","site-content-layout":"","ast-site-content-layout":"","site-content-style":"default","site-sidebar-style":"default","ast-global-header-display":"","ast-banner-title-visibility":"","ast-main-header-display":"","ast-hfb-above-header-display":"","ast-hfb-below-header-display":"","ast-hfb-mobile-header-display":"","site-post-title":"","ast-breadcrumbs-content":"","ast-featured-img":"","footer-sml-layout":"","theme-transparent-header-meta":"","adv-header-id-meta":"","stick-header-meta":"","header-above-stick-meta":"","header-main-stick-meta":"","header-below-stick-meta":"","astra-migrate-meta-layouts":"default","ast-page-background-enabled":"default","ast-page-background-meta":{"desktop":{"background-color":"var(--ast-global-color-4)","background-image":"","background-repeat":"repeat","background-position":"center center","background-size":"auto","background-attachment":"scroll","background-type":"","background-media":"","overlay-type":"","overlay-color":"","overlay-opacity":"","overlay-gradient":""},"tablet":{"background-color":"","background-image":"","background-repeat":"repeat","background-position":"center center","background-size":"auto","background-attachment":"scroll","background-type":"","background-media":"","overlay-type":"","overlay-color":"","overlay-opacity":"","overlay-gradient":""},"mobile":{"background-color":"","background-image":"","background-repeat":"repeat","background-position":"center center","background-size":"auto","background-attachment":"scroll","background-type":"","background-media":"","overlay-type":"","overlay-color":"","overlay-opacity":"","overlay-gradient":""}},"ast-content-background-meta":{"desktop":{"background-color":"var(--ast-global-color-5)","background-image":"","background-repeat":"repeat","background-position":"center center","background-size":"auto","background-attachment":"scroll","background-type":"","background-media":"","overlay-type":"","overlay-color":"","overlay-opacity":"","overlay-gradient":""},"tablet":{"background-color":"var(--ast-global-color-5)","background-image":"","background-repeat":"repeat","background-position":"center center","background-size":"auto","background-attachment":"scroll","background-type":"","background-media":"","overlay-type":"","overlay-color":"","overlay-opacity":"","overlay-gradient":""},"mobile":{"background-color":"var(--ast-global-color-5)","background-image":"","background-repeat":"repeat","background-position":"center center","background-size":"auto","background-attachment":"scroll","background-type":"","background-media":"","overlay-type":"","overlay-color":"","overlay-opacity":"","overlay-gradient":""}},"footnotes":""},"class_list":["post-1508","page","type-page","status-publish","has-post-thumbnail","hentry"],"yoast_head":"<!-- This site is optimized with the Yoast SEO plugin v24.1 - https:\/\/yoast.com\/wordpress\/plugins\/seo\/ -->\n<title>Mentions l\u00e9gales -<\/title>\n<meta name=\"robots\" content=\"index, follow, max-snippet:-1, max-image-preview:large, max-video-preview:-1\" \/>\n<link rel=\"canonical\" href=\"https:\/\/marinelecoz.com\/?page_id=1508\" \/>\n<meta property=\"og:locale\" content=\"fr_FR\" \/>\n<meta property=\"og:type\" content=\"article\" \/>\n<meta property=\"og:title\" content=\"Mentions l\u00e9gales -\" \/>\n<meta property=\"og:description\" content=\"Mentions l\u00e9gales En vigueur le 19 d\u00e9cembre 2024. Merci de lire avec attention les diff\u00e9rentes modalit\u00e9s d\u2019utilisation du pr\u00e9sent site [&hellip;]\" \/>\n<meta property=\"og:url\" content=\"https:\/\/marinelecoz.com\/?page_id=1508\" \/>\n<meta property=\"article:modified_time\" content=\"2025-01-04T17:44:23+00:00\" \/>\n<meta property=\"og:image\" content=\"https:\/\/marinelecoz.com\/wp-content\/uploads\/2024\/12\/Home.jpg\" \/>\n\t<meta property=\"og:image:width\" content=\"400\" \/>\n\t<meta property=\"og:image:height\" content=\"380\" \/>\n\t<meta property=\"og:image:type\" content=\"image\/jpeg\" \/>\n<meta name=\"twitter:card\" content=\"summary_large_image\" \/>\n<meta name=\"twitter:label1\" content=\"Dur\u00e9e de lecture estim\u00e9e\" \/>\n\t<meta name=\"twitter:data1\" content=\"6 minutes\" \/>\n<script type=\"application\/ld+json\" class=\"yoast-schema-graph\">{\"@context\":\"https:\/\/schema.org\",\"@graph\":[{\"@type\":\"WebPage\",\"@id\":\"https:\/\/marinelecoz.com\/?page_id=1508\",\"url\":\"https:\/\/marinelecoz.com\/?page_id=1508\",\"name\":\"Mentions l\u00e9gales -\",\"isPartOf\":{\"@id\":\"https:\/\/marinelecoz.com\/#website\"},\"primaryImageOfPage\":{\"@id\":\"https:\/\/marinelecoz.com\/?page_id=1508#primaryimage\"},\"image\":{\"@id\":\"https:\/\/marinelecoz.com\/?page_id=1508#primaryimage\"},\"thumbnailUrl\":\"https:\/\/marinelecoz.com\/wp-content\/uploads\/2024\/12\/Home.jpg\",\"datePublished\":\"2024-12-19T13:00:06+00:00\",\"dateModified\":\"2025-01-04T17:44:23+00:00\",\"breadcrumb\":{\"@id\":\"https:\/\/marinelecoz.com\/?page_id=1508#breadcrumb\"},\"inLanguage\":\"fr-FR\",\"potentialAction\":[{\"@type\":\"ReadAction\",\"target\":[\"https:\/\/marinelecoz.com\/?page_id=1508\"]}]},{\"@type\":\"ImageObject\",\"inLanguage\":\"fr-FR\",\"@id\":\"https:\/\/marinelecoz.com\/?page_id=1508#primaryimage\",\"url\":\"https:\/\/marinelecoz.com\/wp-content\/uploads\/2024\/12\/Home.jpg\",\"contentUrl\":\"https:\/\/marinelecoz.com\/wp-content\/uploads\/2024\/12\/Home.jpg\",\"width\":400,\"height\":380},{\"@type\":\"BreadcrumbList\",\"@id\":\"https:\/\/marinelecoz.com\/?page_id=1508#breadcrumb\",\"itemListElement\":[{\"@type\":\"ListItem\",\"position\":1,\"name\":\"Home\",\"item\":\"https:\/\/marinelecoz.com\/\"},{\"@type\":\"ListItem\",\"position\":2,\"name\":\"Mentions l\u00e9gales\"}]},{\"@type\":\"WebSite\",\"@id\":\"https:\/\/marinelecoz.com\/#website\",\"url\":\"https:\/\/marinelecoz.com\/\",\"name\":\"Marine Le Coz\",\"description\":\"Marine Le Coz\",\"publisher\":{\"@id\":\"https:\/\/marinelecoz.com\/#organization\"},\"potentialAction\":[{\"@type\":\"SearchAction\",\"target\":{\"@type\":\"EntryPoint\",\"urlTemplate\":\"https:\/\/marinelecoz.com\/?s={search_term_string}\"},\"query-input\":{\"@type\":\"PropertyValueSpecification\",\"valueRequired\":true,\"valueName\":\"search_term_string\"}}],\"inLanguage\":\"fr-FR\"},{\"@type\":\"Organization\",\"@id\":\"https:\/\/marinelecoz.com\/#organization\",\"name\":\"Coaching professionnel\",\"url\":\"https:\/\/marinelecoz.com\/\",\"logo\":{\"@type\":\"ImageObject\",\"inLanguage\":\"fr-FR\",\"@id\":\"https:\/\/marinelecoz.com\/#\/schema\/logo\/image\/\",\"url\":\"https:\/\/marinelecoz.com\/wp-content\/uploads\/2024\/12\/MARine-2.png\",\"contentUrl\":\"https:\/\/marinelecoz.com\/wp-content\/uploads\/2024\/12\/MARine-2.png\",\"width\":500,\"height\":500,\"caption\":\"Coaching professionnel\"},\"image\":{\"@id\":\"https:\/\/marinelecoz.com\/#\/schema\/logo\/image\/\"},\"sameAs\":[\"https:\/\/www.linkedin.com\/in\/marinelecoz\",\"https:\/\/www.instagram.com\/marinelecozcoach\/profilcard\/?igsh=OGJhODkydzRnNDFx\"]}]}<\/script>\n<!-- \/ Yoast SEO plugin. -->","yoast_head_json":{"title":"Mentions l\u00e9gales -","robots":{"index":"index","follow":"follow","max-snippet":"max-snippet:-1","max-image-preview":"max-image-preview:large","max-video-preview":"max-video-preview:-1"},"canonical":"https:\/\/marinelecoz.com\/?page_id=1508","og_locale":"fr_FR","og_type":"article","og_title":"Mentions l\u00e9gales -","og_description":"Mentions l\u00e9gales En vigueur le 19 d\u00e9cembre 2024. Merci de lire avec attention les diff\u00e9rentes modalit\u00e9s d\u2019utilisation du pr\u00e9sent site [&hellip;]","og_url":"https:\/\/marinelecoz.com\/?page_id=1508","article_modified_time":"2025-01-04T17:44:23+00:00","og_image":[{"width":400,"height":380,"url":"https:\/\/marinelecoz.com\/wp-content\/uploads\/2024\/12\/Home.jpg","type":"image\/jpeg"}],"twitter_card":"summary_large_image","twitter_misc":{"Dur\u00e9e de lecture estim\u00e9e":"6 minutes"},"schema":{"@context":"https:\/\/schema.org","@graph":[{"@type":"WebPage","@id":"https:\/\/marinelecoz.com\/?page_id=1508","url":"https:\/\/marinelecoz.com\/?page_id=1508","name":"Mentions l\u00e9gales -","isPartOf":{"@id":"https:\/\/marinelecoz.com\/#website"},"primaryImageOfPage":{"@id":"https:\/\/marinelecoz.com\/?page_id=1508#primaryimage"},"image":{"@id":"https:\/\/marinelecoz.com\/?page_id=1508#primaryimage"},"thumbnailUrl":"https:\/\/marinelecoz.com\/wp-content\/uploads\/2024\/12\/Home.jpg","datePublished":"2024-12-19T13:00:06+00:00","dateModified":"2025-01-04T17:44:23+00:00","breadcrumb":{"@id":"https:\/\/marinelecoz.com\/?page_id=1508#breadcrumb"},"inLanguage":"fr-FR","potentialAction":[{"@type":"ReadAction","target":["https:\/\/marinelecoz.com\/?page_id=1508"]}]},{"@type":"ImageObject","inLanguage":"fr-FR","@id":"https:\/\/marinelecoz.com\/?page_id=1508#primaryimage","url":"https:\/\/marinelecoz.com\/wp-content\/uploads\/2024\/12\/Home.jpg","contentUrl":"https:\/\/marinelecoz.com\/wp-content\/uploads\/2024\/12\/Home.jpg","width":400,"height":380},{"@type":"BreadcrumbList","@id":"https:\/\/marinelecoz.com\/?page_id=1508#breadcrumb","itemListElement":[{"@type":"ListItem","position":1,"name":"Home","item":"https:\/\/marinelecoz.com\/"},{"@type":"ListItem","position":2,"name":"Mentions l\u00e9gales"}]},{"@type":"WebSite","@id":"https:\/\/marinelecoz.com\/#website","url":"https:\/\/marinelecoz.com\/","name":"Marine Le Coz","description":"Marine Le Coz","publisher":{"@id":"https:\/\/marinelecoz.com\/#organization"},"potentialAction":[{"@type":"SearchAction","target":{"@type":"EntryPoint","urlTemplate":"https:\/\/marinelecoz.com\/?s={search_term_string}"},"query-input":{"@type":"PropertyValueSpecification","valueRequired":true,"valueName":"search_term_string"}}],"inLanguage":"fr-FR"},{"@type":"Organization","@id":"https:\/\/marinelecoz.com\/#organization","name":"Coaching professionnel","url":"https:\/\/marinelecoz.com\/","logo":{"@type":"ImageObject","inLanguage":"fr-FR","@id":"https:\/\/marinelecoz.com\/#\/schema\/logo\/image\/","url":"https:\/\/marinelecoz.com\/wp-content\/uploads\/2024\/12\/MARine-2.png","contentUrl":"https:\/\/marinelecoz.com\/wp-content\/uploads\/2024\/12\/MARine-2.png","width":500,"height":500,"caption":"Coaching professionnel"},"image":{"@id":"https:\/\/marinelecoz.com\/#\/schema\/logo\/image\/"},"sameAs":["https:\/\/www.linkedin.com\/in\/marinelecoz","https:\/\/www.instagram.com\/marinelecozcoach\/profilcard\/?igsh=OGJhODkydzRnNDFx"]}]}},"_links":{"self":[{"href":"https:\/\/marinelecoz.com\/index.php?rest_route=\/wp\/v2\/pages\/1508","targetHints":{"allow":["GET"]}}],"collection":[{"href":"https:\/\/marinelecoz.com\/index.php?rest_route=\/wp\/v2\/pages"}],"about":[{"href":"https:\/\/marinelecoz.com\/index.php?rest_route=\/wp\/v2\/types\/page"}],"author":[{"embeddable":true,"href":"https:\/\/marinelecoz.com\/index.php?rest_route=\/wp\/v2\/users\/1"}],"replies":[{"embeddable":true,"href":"https:\/\/marinelecoz.com\/index.php?rest_route=%2Fwp%2Fv2%2Fcomments&post=1508"}],"version-history":[{"count":7,"href":"https:\/\/marinelecoz.com\/index.php?rest_route=\/wp\/v2\/pages\/1508\/revisions"}],"predecessor-version":[{"id":1517,"href":"https:\/\/marinelecoz.com\/index.php?rest_route=\/wp\/v2\/pages\/1508\/revisions\/1517"}],"wp:featuredmedia":[{"embeddable":true,"href":"https:\/\/marinelecoz.com\/index.php?rest_route=\/wp\/v2\/media\/1124"}],"wp:attachment":[{"href":"https:\/\/marinelecoz.com\/index.php?rest_route=%2Fwp%2Fv2%2Fmedia&parent=1508"}],"curies":[{"name":"wp","href":"https:\/\/api.w.org\/{rel}","templated":true}]}}